{"id":77,"date":"2017-10-09T14:29:27","date_gmt":"2017-10-09T14:29:27","guid":{"rendered":"http:\/\/klaara.devel-2046.cz\/works\/big-sister\/"},"modified":"2018-06-24T13:13:39","modified_gmt":"2018-06-24T13:13:39","slug":"big-sister","status":"publish","type":"page","link":"https:\/\/klaara.net\/cs\/works\/big-sister\/","title":{"rendered":"Big sister"},"content":{"rendered":"<p>video 1&#8242; 39&#8220;<\/p>\n<p>Inspirac\u00ed pro tento projekt je permanentn\u00ed monitorov\u00e1n\u00ed lid\u00ed pomoc\u00ed pr\u016fmyslov\u00fdch kamer, nainstalovan\u00fdch na \u010d\u00edm d\u00e1l v\u00edce ve\u0159ejn\u00fdch m\u00edstech. Zvykli jsme si na ub\u00fdv\u00e1n\u00ed na\u0161eho soukrom\u00ed a neexistuj\u00ed v podstat\u011b \u017e\u00e1dn\u00e9 z\u00e1kony limituj\u00edc\u00ed p\u0159\u00edtomnost t\u011bchto kamer.<\/p>\n<p>Kr\u00e1tk\u00e9 video, vytvo\u0159en\u00e9 jako fiktivn\u00ed z\u00e1znam z mnoha pr\u016fmyslov\u00fdch kamer z m\u00edst, kde bychom je neo\u010dek\u00e1vali a kde \u2013 zat\u00edm \u2013 je\u0161t\u011b nainstalov\u00e1ny nejsou, jako na vrcholc\u00edch hor, v lese, na pou\u0161ti, na louce, na mo\u0159i atp. Z\u00e1znam jakoby p\u0159ep\u00edn\u00e1 z jedn\u00e9 kamery na druhou. P\u0159\u00edtomnost stovek kamer na t\u011bchto nezvykl\u00fdch, p\u0159esto st\u00e1le ve\u0159ejn\u00fdch m\u00edstech je nazna\u010dena vysok\u00fdm \u010d\u00edslem kamery a z\u00f3ny, kter\u00e9 jsou pokryty v lev\u00e9m doln\u00edm rohu obrazu. Na z\u00e1znamu nikde nen\u00ed \u017e\u00e1dn\u00fd \u010dlov\u011bk.<\/p>\n","protected":false},"excerpt":{"rendered":"<p>video 1&#8242; 39&#8220; Inspirac\u00ed pro tento projekt je permanentn\u00ed monitorov\u00e1n\u00ed lid\u00ed pomoc\u00ed pr\u016fmyslov\u00fdch kamer, nainstalovan\u00fdch na \u010d\u00edm d\u00e1l v\u00edce ve\u0159ejn\u00fdch m\u00edstech. Zvykli jsme si na ub\u00fdv\u00e1n\u00ed na\u0161eho soukrom\u00ed a neexistuj\u00ed v podstat\u011b \u017e\u00e1dn\u00e9 z\u00e1kony limituj\u00edc\u00ed p\u0159\u00edtomnost t\u011bchto kamer. Kr\u00e1tk\u00e9 video, vytvo\u0159en\u00e9 jako fiktivn\u00ed z\u00e1znam z mnoha pr\u016fmyslov\u00fdch kamer z m\u00edst, kde bychom je neo\u010dek\u00e1vali a [&hellip;]<\/p>\n","protected":false},"author":1,"featured_media":0,"parent":70,"menu_order":26,"comment_status":"closed","ping_status":"closed","template":"","meta":{"_acf_changed":false,"footnotes":""},"class_list":["post-77","page","type-page","status-publish","hentry"],"acf":[],"_links":{"self":[{"href":"https:\/\/klaara.net\/cs\/wp-json\/wp\/v2\/pages\/77","targetHints":{"allow":["GET"]}}],"collection":[{"href":"https:\/\/klaara.net\/cs\/wp-json\/wp\/v2\/pages"}],"about":[{"href":"https:\/\/klaara.net\/cs\/wp-json\/wp\/v2\/types\/page"}],"author":[{"embeddable":true,"href":"https:\/\/klaara.net\/cs\/wp-json\/wp\/v2\/users\/1"}],"replies":[{"embeddable":true,"href":"https:\/\/klaara.net\/cs\/wp-json\/wp\/v2\/comments?post=77"}],"version-history":[{"count":9,"href":"https:\/\/klaara.net\/cs\/wp-json\/wp\/v2\/pages\/77\/revisions"}],"predecessor-version":[{"id":410,"href":"https:\/\/klaara.net\/cs\/wp-json\/wp\/v2\/pages\/77\/revisions\/410"}],"up":[{"embeddable":true,"href":"https:\/\/klaara.net\/cs\/wp-json\/wp\/v2\/pages\/70"}],"wp:attachment":[{"href":"https:\/\/klaara.net\/cs\/wp-json\/wp\/v2\/media?parent=77"}],"curies":[{"name":"wp","href":"https:\/\/api.w.org\/{rel}","templated":true}]}}