{"id":73,"date":"2017-10-09T14:25:32","date_gmt":"2017-10-09T14:25:32","guid":{"rendered":"http:\/\/klaara.devel-2046.cz\/works\/massage-dialogues\/"},"modified":"2018-06-24T13:41:24","modified_gmt":"2018-06-24T13:41:24","slug":"massage-dialogues","status":"publish","type":"page","link":"https:\/\/klaara.net\/cs\/works\/massage-dialogues\/","title":{"rendered":"Zpr\u00e1va pro p\u0159\u00edjemce"},"content":{"rendered":"<p>P\u0159i pos\u00edl\u00e1n\u00ed pen\u011bz, m\u00e1me mo\u017enost poslat p\u0159\u00edjemci kr\u00e1tk\u00fd vzkaz. tato mo\u017enost se vyu\u017e\u00edv\u00e1 v\u011bt\u0161inou pouze k popisu transakce, ale m\u016f\u017ee b\u00fdt tak\u00e9 pou\u017eita jako komunika\u010dn\u00ed platforma.<\/p>\n<p>Rozhodla jsem se pos\u00edlat mal\u00fd finan\u010dn\u00ed obnos na \u00fa\u010dty nalezen\u00e9 na internetu, spolu s kr\u00e1tk\u00fdm vzkazem, kter\u00fd se pak objev\u00ed p\u0159\u00edjemci na v\u00fdpisu z \u00fa\u010dtu v ti\u0161t\u011bn\u00e9 i elektronick\u00e9 podob\u011b. Vzkaz \u2013 kr\u00e1tk\u00e9 osobn\u00ed sd\u011blen\u00ed nebo my\u0161lenka vytr\u017een\u00e1 z kontextu \u2013 naru\u0161uje tento citliv\u00fd prostor a st\u00e1v\u00e1 se parazitick\u00fdm prvkem mezi mechanick\u00fdmi daty \u2013 n\u011bco jako byrokratick\u00e9 graffiti.<\/p>\n<p>(Realizov\u00e1no ve spolupr\u00e1ci s Janem Bl\u00ednem)<\/p>\n","protected":false},"excerpt":{"rendered":"<p>P\u0159i pos\u00edl\u00e1n\u00ed pen\u011bz, m\u00e1me mo\u017enost poslat p\u0159\u00edjemci kr\u00e1tk\u00fd vzkaz. tato mo\u017enost se vyu\u017e\u00edv\u00e1 v\u011bt\u0161inou pouze k popisu transakce, ale m\u016f\u017ee b\u00fdt tak\u00e9 pou\u017eita jako komunika\u010dn\u00ed platforma. Rozhodla jsem se pos\u00edlat mal\u00fd finan\u010dn\u00ed obnos na \u00fa\u010dty nalezen\u00e9 na internetu, spolu s kr\u00e1tk\u00fdm vzkazem, kter\u00fd se pak objev\u00ed p\u0159\u00edjemci na v\u00fdpisu z \u00fa\u010dtu v ti\u0161t\u011bn\u00e9 i elektronick\u00e9 [&hellip;]<\/p>\n","protected":false},"author":1,"featured_media":0,"parent":70,"menu_order":34,"comment_status":"closed","ping_status":"closed","template":"","meta":{"_acf_changed":false,"footnotes":""},"class_list":["post-73","page","type-page","status-publish","hentry"],"acf":[],"_links":{"self":[{"href":"https:\/\/klaara.net\/cs\/wp-json\/wp\/v2\/pages\/73","targetHints":{"allow":["GET"]}}],"collection":[{"href":"https:\/\/klaara.net\/cs\/wp-json\/wp\/v2\/pages"}],"about":[{"href":"https:\/\/klaara.net\/cs\/wp-json\/wp\/v2\/types\/page"}],"author":[{"embeddable":true,"href":"https:\/\/klaara.net\/cs\/wp-json\/wp\/v2\/users\/1"}],"replies":[{"embeddable":true,"href":"https:\/\/klaara.net\/cs\/wp-json\/wp\/v2\/comments?post=73"}],"version-history":[{"count":13,"href":"https:\/\/klaara.net\/cs\/wp-json\/wp\/v2\/pages\/73\/revisions"}],"predecessor-version":[{"id":432,"href":"https:\/\/klaara.net\/cs\/wp-json\/wp\/v2\/pages\/73\/revisions\/432"}],"up":[{"embeddable":true,"href":"https:\/\/klaara.net\/cs\/wp-json\/wp\/v2\/pages\/70"}],"wp:attachment":[{"href":"https:\/\/klaara.net\/cs\/wp-json\/wp\/v2\/media?parent=73"}],"curies":[{"name":"wp","href":"https:\/\/api.w.org\/{rel}","templated":true}]}}