{"id":71,"date":"2017-10-09T13:25:41","date_gmt":"2017-10-09T13:25:41","guid":{"rendered":"http:\/\/klaara.devel-2046.cz\/works\/braille-tatto\/"},"modified":"2018-06-22T15:30:03","modified_gmt":"2018-06-22T15:30:03","slug":"braille-tatto","status":"publish","type":"page","link":"https:\/\/klaara.net\/cs\/works\/braille-tatto\/","title":{"rendered":"Braille tattoo"},"content":{"rendered":"<p>Haptick\u00e9 &#8222;tetov\u00e1n\u00ed&#8220; pro zrakov\u011b posti\u017een\u00e9<\/p>\n<p>T\u011blesn\u00e1 modifikace jej\u00ed\u017e c\u00edlem nen\u00ed pouze dekorovat k\u016f\u017ei, ale mo\u017enost \u010dten\u00ed dotykem.<\/p>\n<p>Mal\u00e9 implant\u00e1ty, um\u00edst\u011bn\u00e9 pod k\u016f\u017e\u00ed (nebo p\u0159\u00edmo v k\u016f\u017ei) vytv\u00e1\u0159ej\u00ed reli\u00e9fn\u00ed text v Braillov\u011b p\u00edsmu, kter\u00fd lze n\u00e1sledn\u011b \u010d\u00edst pomoc\u00ed dotyku. Text je vytvo\u0159en z kuli\u010dkov\u00fdch podko\u017en\u00edch implant\u00e1t\u016f (v tom p\u0159\u00edpad\u011b by m\u011bla b\u00fdt velikost kuli\u010dek o n\u011bco v\u011bt\u0161\u00ed ne\u017e je standardizovan\u00e1 velikost Braillova p\u00edsma) nebo z transderm\u00e1ln\u00edch implant\u00e1t\u016f (um\u00edst\u011bn\u00fdch \u010d\u00e1ste\u010dn\u011b pod a \u010d\u00e1ste\u010dn\u011b nad k\u016f\u017e\u00ed). Implant\u00e1ty mohou b\u00fdt ze silikonu (nebo chirurgick\u00e9 oceli \/ titanu). Dal\u0161\u00ed alternativou m\u016f\u017ee b\u00fdt tak\u00e9 branding.<\/p>\n","protected":false},"excerpt":{"rendered":"<p>Haptick\u00e9 &#8222;tetov\u00e1n\u00ed&#8220; pro zrakov\u011b posti\u017een\u00e9 T\u011blesn\u00e1 modifikace jej\u00ed\u017e c\u00edlem nen\u00ed pouze dekorovat k\u016f\u017ei, ale mo\u017enost \u010dten\u00ed dotykem. Mal\u00e9 implant\u00e1ty, um\u00edst\u011bn\u00e9 pod k\u016f\u017e\u00ed (nebo p\u0159\u00edmo v k\u016f\u017ei) vytv\u00e1\u0159ej\u00ed reli\u00e9fn\u00ed text v Braillov\u011b p\u00edsmu, kter\u00fd lze n\u00e1sledn\u011b \u010d\u00edst pomoc\u00ed dotyku. Text je vytvo\u0159en z kuli\u010dkov\u00fdch podko\u017en\u00edch implant\u00e1t\u016f (v tom p\u0159\u00edpad\u011b by m\u011bla b\u00fdt velikost kuli\u010dek o n\u011bco [&hellip;]<\/p>\n","protected":false},"author":1,"featured_media":0,"parent":70,"menu_order":15,"comment_status":"closed","ping_status":"closed","template":"","meta":{"_acf_changed":false,"footnotes":""},"class_list":["post-71","page","type-page","status-publish","hentry"],"acf":[],"_links":{"self":[{"href":"https:\/\/klaara.net\/cs\/wp-json\/wp\/v2\/pages\/71","targetHints":{"allow":["GET"]}}],"collection":[{"href":"https:\/\/klaara.net\/cs\/wp-json\/wp\/v2\/pages"}],"about":[{"href":"https:\/\/klaara.net\/cs\/wp-json\/wp\/v2\/types\/page"}],"author":[{"embeddable":true,"href":"https:\/\/klaara.net\/cs\/wp-json\/wp\/v2\/users\/1"}],"replies":[{"embeddable":true,"href":"https:\/\/klaara.net\/cs\/wp-json\/wp\/v2\/comments?post=71"}],"version-history":[{"count":4,"href":"https:\/\/klaara.net\/cs\/wp-json\/wp\/v2\/pages\/71\/revisions"}],"predecessor-version":[{"id":327,"href":"https:\/\/klaara.net\/cs\/wp-json\/wp\/v2\/pages\/71\/revisions\/327"}],"up":[{"embeddable":true,"href":"https:\/\/klaara.net\/cs\/wp-json\/wp\/v2\/pages\/70"}],"wp:attachment":[{"href":"https:\/\/klaara.net\/cs\/wp-json\/wp\/v2\/media?parent=71"}],"curies":[{"name":"wp","href":"https:\/\/api.w.org\/{rel}","templated":true}]}}