{"id":68,"date":"2017-10-09T12:59:20","date_gmt":"2017-10-09T12:59:20","guid":{"rendered":"http:\/\/klaara.devel-2046.cz\/exhibitions\/"},"modified":"2018-06-15T15:56:04","modified_gmt":"2018-06-15T15:56:04","slug":"exhibitions","status":"publish","type":"page","link":"https:\/\/klaara.net\/cs\/exhibitions\/","title":{"rendered":"V\u00fdstavy"},"content":{"rendered":"<p><strong>2017<\/strong> \u00a0 Fragmenty milostn\u00fdch obraz\u016f, Spitfire Company, Pal\u00e1c Akropolis\/Kas\u00e1rna Karl\u00edn, Praha<br \/>\n<strong>2015<\/strong>\u00a0\u00a0 4+4 dny v pohybu, Jak nic necht\u00edt, Desfoursk\u00fd pal\u00e1c, Praha<br \/>\n<strong>2015<\/strong>\u00a0\u00a0 Fin\u00e1le ligy mistr\u016f 2014 (Director&#8217;s cut), Berl\u00ednskej model, Praha \u2014 solo<br \/>\n<strong>2014<\/strong>\u00a0\u00a0 Intimn\u00ed interakce, Galerie Gong, Ostrava &#8211; V\u00edtkovice<br \/>\n<strong>2013<\/strong>\u00a0\u00a0 Now what, MICROSCOPE Gallery, New York, USA<br \/>\n<strong>2011<\/strong> \u00a0 Prezentace knihy Formov\u00e1n\u00ed historie (+ Ale\u0161 \u010cerm\u00e1k), Tranzitdisplay, Praha \u2014 solo<br \/>\n<strong>2011<\/strong>\u00a0\u00a0 Zanechte zpr\u00e1vu, Galerie Aula, FaVU Brno<br \/>\n<strong>2011<\/strong>\u00a0\u00a0 Absolutely abNormal, Finnish Labour Museum Werstas Tampere, FI<br \/>\n<strong>2011<\/strong>\u00a0\u00a0 Situace 3 (+ Ale\u0161 \u010cerm\u00e1k), galerie Pavilon, Praha \u2014 solo<br \/>\n<strong>2011<\/strong>\u00a0\u00a0 Instituceum, b\u00fdval\u00e1 pr\u00e1delna Psychiatrick\u00e9 l\u00e9\u010debny Bohnice, Praha<br \/>\n<strong>2010<\/strong>\u00a0\u00a0 Mediab\u00e1ze.cz v Caf\u00e9 Tungsram, Brno<br \/>\n<strong>2010<\/strong>\u00a0\u00a0 14. Mezin\u00e1rodn\u00ed festival dokument\u00e1rn\u00edch film\u016f, Jihlava<br \/>\n<strong>2010<\/strong>\u00a0\u00a0 Diplomanti AVU dvatis\u00edce deset, Veletr\u017en\u00ed pal\u00e1c, Praha<br \/>\n<strong>2010<\/strong>\u00a0\u00a0 Transgression, Videotage, Hong Kong, CHN<br \/>\n<strong>2010<\/strong>\u00a0\u00a0 Necho\u010f ke mn\u011b tak bl\u00edzko, j\u00e1 u\u017e t\u011b pak nevidim (+ Kate\u0159ina Vorlov\u00e1), 100m3, V\u0161etaty \u2014 solo<br \/>\n<strong>2009<\/strong>\u00a0\u00a0 Draz\u00ed, galerie P\u016fda, Jihlava<br \/>\n<strong>2009<\/strong>\u00a0\u00a0 4+4 dny v pohybu, budova b\u00fdval\u00e9ho feder\u00e1ln\u00edho shrom\u00e1\u017ed\u011bn\u00ed, Praha<br \/>\n<strong>2009<\/strong>\u00a0\u00a0 SHEvening, Chapeau Rouge, Praha \u2014 solo<br \/>\n<strong>2008<\/strong>\u00a0\u00a0 Leif Rumke Preis (+ Erik Sikora), Lothringer 13, Mnichov, DE \u2014 solo<br \/>\n<strong>2008<\/strong>\u00a0\u00a0 Videoart is Dead, galerie Cell \/V\u00edtkov\/, Praha<br \/>\n<strong>2007<\/strong>\u00a0\u00a0 VideoArt Festival Prague, IndigoSpace, Praha<br \/>\n<strong>2007<\/strong>\u00a0\u00a0 Signale, Ostrale, Dr\u00e1\u017e\u010fany, DE<br \/>\n<strong>2007<\/strong>\u00a0\u00a0 AVU 18, Veletr\u017en\u00ed pal\u00e1c, Praha<br \/>\n<strong>2007<\/strong>\u00a0\u00a0 Electronic Sheep, Galerie Akademie v\u00fdtvarn\u00fdch um\u011bn\u00ed, Praha<br \/>\n<strong>2006<\/strong>\u00a0\u00a0 OUTPUT Galerie, Praha<br \/>\n<strong>2006<\/strong>\u00a0\u00a0 Doma, \u010cesk\u00e9 centrum, Praha<br \/>\n<strong>2004<\/strong>\u00a0\u00a0 Zoom in &#8211; Crossroads For Ideas, Slovansk\u00fd d\u016fm, Praha<br \/>\n<strong>2000<\/strong>\u00a0\u00a0 Krakow 2000, knihovna GJN, Praha \u2014 solo<\/p>\n","protected":false},"excerpt":{"rendered":"<p>2017 \u00a0 Fragmenty milostn\u00fdch obraz\u016f, Spitfire Company, Pal\u00e1c Akropolis\/Kas\u00e1rna Karl\u00edn, Praha 2015\u00a0\u00a0 4+4 dny v pohybu, Jak nic necht\u00edt, Desfoursk\u00fd pal\u00e1c, Praha 2015\u00a0\u00a0 Fin\u00e1le ligy mistr\u016f 2014 (Director&#8217;s cut), Berl\u00ednskej model, Praha \u2014 solo 2014\u00a0\u00a0 Intimn\u00ed interakce, Galerie Gong, Ostrava &#8211; V\u00edtkovice 2013\u00a0\u00a0 Now what, MICROSCOPE Gallery, New York, USA 2011 \u00a0 Prezentace knihy Formov\u00e1n\u00ed [&hellip;]<\/p>\n","protected":false},"author":1,"featured_media":0,"parent":0,"menu_order":7,"comment_status":"closed","ping_status":"closed","template":"","meta":{"_acf_changed":false,"footnotes":""},"class_list":["post-68","page","type-page","status-publish","hentry"],"acf":[],"_links":{"self":[{"href":"https:\/\/klaara.net\/cs\/wp-json\/wp\/v2\/pages\/68","targetHints":{"allow":["GET"]}}],"collection":[{"href":"https:\/\/klaara.net\/cs\/wp-json\/wp\/v2\/pages"}],"about":[{"href":"https:\/\/klaara.net\/cs\/wp-json\/wp\/v2\/types\/page"}],"author":[{"embeddable":true,"href":"https:\/\/klaara.net\/cs\/wp-json\/wp\/v2\/users\/1"}],"replies":[{"embeddable":true,"href":"https:\/\/klaara.net\/cs\/wp-json\/wp\/v2\/comments?post=68"}],"version-history":[{"count":6,"href":"https:\/\/klaara.net\/cs\/wp-json\/wp\/v2\/pages\/68\/revisions"}],"predecessor-version":[{"id":217,"href":"https:\/\/klaara.net\/cs\/wp-json\/wp\/v2\/pages\/68\/revisions\/217"}],"wp:attachment":[{"href":"https:\/\/klaara.net\/cs\/wp-json\/wp\/v2\/media?parent=68"}],"curies":[{"name":"wp","href":"https:\/\/api.w.org\/{rel}","templated":true}]}}