{"id":66,"date":"2017-10-09T12:57:23","date_gmt":"2017-10-09T12:57:23","guid":{"rendered":"http:\/\/klaara.devel-2046.cz\/cv\/"},"modified":"2018-06-15T15:52:01","modified_gmt":"2018-06-15T15:52:01","slug":"cv","status":"publish","type":"page","link":"https:\/\/klaara.net\/cs\/cv\/","title":{"rendered":"CV"},"content":{"rendered":"<p>*\u00a01983 v Praze<\/p>\n<p><strong>studium<\/strong><br \/>\n2008-2010 Akademie v\u00fdtvarn\u00fdch um\u011bn\u00ed v Praze, Monument\u00e1ln\u00ed tvorba, Ji\u0159\u00ed P\u0159\u00edhoda<br \/>\n2004-2008 Akademie v\u00fdtvarn\u00fdch um\u011bn\u00ed v Praze, Nov\u00e1 m\u00e9dia I, Michael Bielick\u00fd<br \/>\n2002-2005 Vy\u0161\u0161\u00ed odborn\u00e1 \u0161kola grafick\u00e1, Multimedi\u00e1ln\u00ed tvorba, Jihlava<\/p>\n<p><strong>st\u00e1\u017ee<\/strong><br \/>\n2008 Akademie v\u00fdtvarn\u00fdch um\u011bn\u00ed v Praze, \u0160aloun\u016fv ateli\u00e9r, Magdalena Jetelov\u00e1<br \/>\n2007 Universit\u00e4t der K\u00fcnste Berlin, Gestalten mit Digitalen Medien, Joachim Sauter, DE<br \/>\n2006 Vysok\u00e1 \u0161kola um\u011bleckopr\u016fmyslov\u00e1 v Praze, Grafick\u00fd Design a Nov\u00e1 m\u00e9dia, Petr Bab\u00e1k<\/p>\n<p><strong>ocen\u011bn\u00ed<\/strong><br \/>\n2008 Leif Rumke Preis, DE<\/p>\n<p><strong>tisk<\/strong><br \/>\nOrgans Everywhere, USA, 12\/2011, No. 3<br \/>\nNew York Times Sunday Magazine, USA, 9.12. 2007<br \/>\nWired: Underwire, UK, 10\/2007<br \/>\nS\u00fcddeutsche Zeitung, DE, 17.11.2007<br \/>\nCurrent TV, UK,12\/2007<br \/>\nSABAH, TR, 1.12. 2007<br \/>\nBlond Mag, DE, 01\/2008<br \/>\nSpiegel online, DE, 2\/2008<br \/>\nDazed &amp; Confused Korea, KR, 09\/2008<br \/>\nGoedele, BE, 10\/2009<br \/>\nLa Gazette de Berlin, DE, 12\/2009<\/p>\n","protected":false},"excerpt":{"rendered":"<p>*\u00a01983 v Praze studium 2008-2010 Akademie v\u00fdtvarn\u00fdch um\u011bn\u00ed v Praze, Monument\u00e1ln\u00ed tvorba, Ji\u0159\u00ed P\u0159\u00edhoda 2004-2008 Akademie v\u00fdtvarn\u00fdch um\u011bn\u00ed v Praze, Nov\u00e1 m\u00e9dia I, Michael Bielick\u00fd 2002-2005 Vy\u0161\u0161\u00ed odborn\u00e1 \u0161kola grafick\u00e1, Multimedi\u00e1ln\u00ed tvorba, Jihlava st\u00e1\u017ee 2008 Akademie v\u00fdtvarn\u00fdch um\u011bn\u00ed v Praze, \u0160aloun\u016fv ateli\u00e9r, Magdalena Jetelov\u00e1 2007 Universit\u00e4t der K\u00fcnste Berlin, Gestalten mit Digitalen Medien, Joachim Sauter, [&hellip;]<\/p>\n","protected":false},"author":1,"featured_media":0,"parent":0,"menu_order":5,"comment_status":"closed","ping_status":"closed","template":"","meta":{"_acf_changed":false,"footnotes":""},"class_list":["post-66","page","type-page","status-publish","hentry"],"acf":[],"_links":{"self":[{"href":"https:\/\/klaara.net\/cs\/wp-json\/wp\/v2\/pages\/66","targetHints":{"allow":["GET"]}}],"collection":[{"href":"https:\/\/klaara.net\/cs\/wp-json\/wp\/v2\/pages"}],"about":[{"href":"https:\/\/klaara.net\/cs\/wp-json\/wp\/v2\/types\/page"}],"author":[{"embeddable":true,"href":"https:\/\/klaara.net\/cs\/wp-json\/wp\/v2\/users\/1"}],"replies":[{"embeddable":true,"href":"https:\/\/klaara.net\/cs\/wp-json\/wp\/v2\/comments?post=66"}],"version-history":[{"count":5,"href":"https:\/\/klaara.net\/cs\/wp-json\/wp\/v2\/pages\/66\/revisions"}],"predecessor-version":[{"id":215,"href":"https:\/\/klaara.net\/cs\/wp-json\/wp\/v2\/pages\/66\/revisions\/215"}],"wp:attachment":[{"href":"https:\/\/klaara.net\/cs\/wp-json\/wp\/v2\/media?parent=66"}],"curies":[{"name":"wp","href":"https:\/\/api.w.org\/{rel}","templated":true}]}}