{"id":368,"date":"2018-06-23T18:26:25","date_gmt":"2018-06-23T18:26:25","guid":{"rendered":"http:\/\/klaara.devel-2046.cz\/?page_id=368"},"modified":"2018-06-24T12:55:24","modified_gmt":"2018-06-24T12:55:24","slug":"finale-ligy-mistru-2014-directors-cut","status":"publish","type":"page","link":"https:\/\/klaara.net\/cs\/works\/finale-ligy-mistru-2014-directors-cut\/","title":{"rendered":"Fin\u00e1le Ligy mistr\u016f 2014 &#8211; Director&#8217;s cut"},"content":{"rendered":"<p>Video 16&#8242; 17&#8220;<\/p>\n<p>Z\u00e1znam p\u0159\u00edm\u00e9ho p\u0159enosu fin\u00e1lov\u00e9ho utk\u00e1n\u00ed fotbalov\u00e9 Ligy mistr\u016f 2014 (je\u017e bylo sledov\u00e1no cca 380 mili\u00f3ny div\u00e1ky z cel\u00e9ho sv\u011bta), zbaven\u00fd vizu\u00e1ln\u00edho smogu v podob\u011b ve\u0161ker\u00fdch reklam a log sponzor\u016f.<\/p>\n<p>Po odstran\u011bn\u00ed v\u0161ech z\u00e1b\u011br\u016f, ve kter\u00fdch se objevuj\u00ed \u010diteln\u00e9 reklamy \u010di loga, zbylo z p\u016fvodn\u00ed stop\u00e1\u017ee p\u0159enosu (157 minut 35 sekund) pouze 16 minut 17 sekund. Pou\u017eit byl ve\u0161ker\u00fd materi\u00e1l bez okem rozeznateln\u00e9 reklamy. Z\u016fstala tak pouze \u201e\u010dist\u00e1 hra\u201c.<\/p>\n<p>&nbsp;<\/p>\n","protected":false},"excerpt":{"rendered":"<p>Video 16&#8242; 17&#8220; Z\u00e1znam p\u0159\u00edm\u00e9ho p\u0159enosu fin\u00e1lov\u00e9ho utk\u00e1n\u00ed fotbalov\u00e9 Ligy mistr\u016f 2014 (je\u017e bylo sledov\u00e1no cca 380 mili\u00f3ny div\u00e1ky z cel\u00e9ho sv\u011bta), zbaven\u00fd vizu\u00e1ln\u00edho smogu v podob\u011b ve\u0161ker\u00fdch reklam a log sponzor\u016f. Po odstran\u011bn\u00ed v\u0161ech z\u00e1b\u011br\u016f, ve kter\u00fdch se objevuj\u00ed \u010diteln\u00e9 reklamy \u010di loga, zbylo z p\u016fvodn\u00ed stop\u00e1\u017ee p\u0159enosu (157 minut 35 sekund) pouze 16 [&hellip;]<\/p>\n","protected":false},"author":2,"featured_media":0,"parent":70,"menu_order":11,"comment_status":"closed","ping_status":"closed","template":"","meta":{"_acf_changed":false,"footnotes":""},"class_list":["post-368","page","type-page","status-publish","hentry"],"acf":[],"_links":{"self":[{"href":"https:\/\/klaara.net\/cs\/wp-json\/wp\/v2\/pages\/368","targetHints":{"allow":["GET"]}}],"collection":[{"href":"https:\/\/klaara.net\/cs\/wp-json\/wp\/v2\/pages"}],"about":[{"href":"https:\/\/klaara.net\/cs\/wp-json\/wp\/v2\/types\/page"}],"author":[{"embeddable":true,"href":"https:\/\/klaara.net\/cs\/wp-json\/wp\/v2\/users\/2"}],"replies":[{"embeddable":true,"href":"https:\/\/klaara.net\/cs\/wp-json\/wp\/v2\/comments?post=368"}],"version-history":[{"count":7,"href":"https:\/\/klaara.net\/cs\/wp-json\/wp\/v2\/pages\/368\/revisions"}],"predecessor-version":[{"id":400,"href":"https:\/\/klaara.net\/cs\/wp-json\/wp\/v2\/pages\/368\/revisions\/400"}],"up":[{"embeddable":true,"href":"https:\/\/klaara.net\/cs\/wp-json\/wp\/v2\/pages\/70"}],"wp:attachment":[{"href":"https:\/\/klaara.net\/cs\/wp-json\/wp\/v2\/media?parent=368"}],"curies":[{"name":"wp","href":"https:\/\/api.w.org\/{rel}","templated":true}]}}