{"id":180,"date":"2018-05-21T19:50:17","date_gmt":"2018-05-21T19:50:17","guid":{"rendered":"http:\/\/klaara.devel-2046.cz\/works\/compyouter\/"},"modified":"2018-06-24T13:48:56","modified_gmt":"2018-06-24T13:48:56","slug":"compyouter","status":"publish","type":"page","link":"https:\/\/klaara.net\/cs\/works\/compyouter\/","title":{"rendered":"Comp:you:ter"},"content":{"rendered":"<p>Interaktivn\u00ed film, video, cca 10min<\/p>\n<p>Kr\u00e1tk\u00fd interaktivn\u00ed film o ztr\u00e1cen\u00ed hranice mezi virtu\u00e1ln\u00edm po\u010d\u00edta\u010dov\u00fdm prostorem a realitou.<\/p>\n<p>Div\u00e1k m\u016f\u017ee ovliv\u0148ovat akce hlavn\u00edho hrdiny pomoc\u00ed dob\u0159e zn\u00e1m\u00fdch po\u010d\u00edta\u010dov\u00fdch oken, panel\u016f a n\u00e1stroj\u016f. Pod\u00edl\u00ed se tak na v\u00fdvoji dal\u0161\u00edho d\u011bje, ale ovliv\u0148uje pouze nepodstatn\u00e9 v\u011bci. Interaktivita je zde omezena\u00a0\u2013 podobn\u011b jako p\u0159i pr\u00e1ci s po\u010d\u00edta\u010dem\u00a0\u2013 akce jsou p\u0159eddefinov\u00e1ny a v\u00fdsledek je v\u017edy proveden po\u010d\u00edta\u010dem. Tak\u017ee \u017e\u00e1dn\u00e1 z akc\u00ed nem\u00e1 ve v\u00fdsledku na skute\u010dn\u00fd v\u00fdvoj filmu vliv. Je to po\u010d\u00edta\u010d s\u00e1m, kdo n\u00e1hodn\u011b vyb\u00edr\u00e1 jeden ze t\u0159\u00ed alternativn\u00edch mo\u017en\u00fdch konc\u016f filmu. Div\u00e1k tedy v podstat\u011b nem\u00e1 \u0161anci nic zm\u011bnit a konec je v\u017edy ot\u00e1zkou n\u00e1hody, ani\u017e by si toho on s\u00e1m byl v\u011bdom.<\/p>\n","protected":false},"excerpt":{"rendered":"<p>Interaktivn\u00ed film, video, cca 10min Kr\u00e1tk\u00fd interaktivn\u00ed film o ztr\u00e1cen\u00ed hranice mezi virtu\u00e1ln\u00edm po\u010d\u00edta\u010dov\u00fdm prostorem a realitou. Div\u00e1k m\u016f\u017ee ovliv\u0148ovat akce hlavn\u00edho hrdiny pomoc\u00ed dob\u0159e zn\u00e1m\u00fdch po\u010d\u00edta\u010dov\u00fdch oken, panel\u016f a n\u00e1stroj\u016f. Pod\u00edl\u00ed se tak na v\u00fdvoji dal\u0161\u00edho d\u011bje, ale ovliv\u0148uje pouze nepodstatn\u00e9 v\u011bci. Interaktivita je zde omezena\u00a0\u2013 podobn\u011b jako p\u0159i pr\u00e1ci s po\u010d\u00edta\u010dem\u00a0\u2013 akce jsou [&hellip;]<\/p>\n","protected":false},"author":2,"featured_media":0,"parent":70,"menu_order":40,"comment_status":"closed","ping_status":"closed","template":"","meta":{"_acf_changed":false,"footnotes":""},"class_list":["post-180","page","type-page","status-publish","hentry"],"acf":[],"_links":{"self":[{"href":"https:\/\/klaara.net\/cs\/wp-json\/wp\/v2\/pages\/180","targetHints":{"allow":["GET"]}}],"collection":[{"href":"https:\/\/klaara.net\/cs\/wp-json\/wp\/v2\/pages"}],"about":[{"href":"https:\/\/klaara.net\/cs\/wp-json\/wp\/v2\/types\/page"}],"author":[{"embeddable":true,"href":"https:\/\/klaara.net\/cs\/wp-json\/wp\/v2\/users\/2"}],"replies":[{"embeddable":true,"href":"https:\/\/klaara.net\/cs\/wp-json\/wp\/v2\/comments?post=180"}],"version-history":[{"count":7,"href":"https:\/\/klaara.net\/cs\/wp-json\/wp\/v2\/pages\/180\/revisions"}],"predecessor-version":[{"id":438,"href":"https:\/\/klaara.net\/cs\/wp-json\/wp\/v2\/pages\/180\/revisions\/438"}],"up":[{"embeddable":true,"href":"https:\/\/klaara.net\/cs\/wp-json\/wp\/v2\/pages\/70"}],"wp:attachment":[{"href":"https:\/\/klaara.net\/cs\/wp-json\/wp\/v2\/media?parent=180"}],"curies":[{"name":"wp","href":"https:\/\/api.w.org\/{rel}","templated":true}]}}