{"id":172,"date":"2018-05-21T19:36:28","date_gmt":"2018-05-21T19:36:28","guid":{"rendered":"http:\/\/klaara.devel-2046.cz\/works\/rec-contact-lenses\/"},"modified":"2018-06-24T11:03:59","modified_gmt":"2018-06-24T11:03:59","slug":"rec-contact-lenses","status":"publish","type":"page","link":"https:\/\/klaara.net\/cs\/works\/rec-contact-lenses\/","title":{"rendered":"Rec kontaktn\u00ed \u010do\u010dky"},"content":{"rendered":"<p>Rec kontaktn\u00ed \u010do\u010dky jsou metaforou na v\u0161udyp\u0159\u00edtomn\u00e9 sledovac\u00ed technologie \u2013 pr\u016fmyslov\u00e9, ale i ve form\u011b lid\u00ed kolem n\u00e1s s kamerami a fo\u0165\u00e1ky ve sv\u00fdch mobilech, kte\u0159\u00ed pak sd\u00edl\u00ed sv\u00e1 videa a fotky na youtube nebo na facebooku. \u010co\u010dky mohou umoc\u0148ovat nep\u0159\u00edjemn\u00fd pocit \u2013 jsi sledov\u00e1n a nahr\u00e1v\u00e1n\u00a0\u2013 vid\u00edm t\u011b&#8230;<\/p>\n<p>&nbsp;<\/p>\n","protected":false},"excerpt":{"rendered":"<p>Rec kontaktn\u00ed \u010do\u010dky jsou metaforou na v\u0161udyp\u0159\u00edtomn\u00e9 sledovac\u00ed technologie \u2013 pr\u016fmyslov\u00e9, ale i ve form\u011b lid\u00ed kolem n\u00e1s s kamerami a fo\u0165\u00e1ky ve sv\u00fdch mobilech, kte\u0159\u00ed pak sd\u00edl\u00ed sv\u00e1 videa a fotky na youtube nebo na facebooku. \u010co\u010dky mohou umoc\u0148ovat nep\u0159\u00edjemn\u00fd pocit \u2013 jsi sledov\u00e1n a nahr\u00e1v\u00e1n\u00a0\u2013 vid\u00edm t\u011b&#8230; &nbsp;<\/p>\n","protected":false},"author":2,"featured_media":0,"parent":70,"menu_order":36,"comment_status":"closed","ping_status":"closed","template":"","meta":{"_acf_changed":false,"footnotes":""},"class_list":["post-172","page","type-page","status-publish","hentry"],"acf":[],"_links":{"self":[{"href":"https:\/\/klaara.net\/cs\/wp-json\/wp\/v2\/pages\/172","targetHints":{"allow":["GET"]}}],"collection":[{"href":"https:\/\/klaara.net\/cs\/wp-json\/wp\/v2\/pages"}],"about":[{"href":"https:\/\/klaara.net\/cs\/wp-json\/wp\/v2\/types\/page"}],"author":[{"embeddable":true,"href":"https:\/\/klaara.net\/cs\/wp-json\/wp\/v2\/users\/2"}],"replies":[{"embeddable":true,"href":"https:\/\/klaara.net\/cs\/wp-json\/wp\/v2\/comments?post=172"}],"version-history":[{"count":6,"href":"https:\/\/klaara.net\/cs\/wp-json\/wp\/v2\/pages\/172\/revisions"}],"predecessor-version":[{"id":399,"href":"https:\/\/klaara.net\/cs\/wp-json\/wp\/v2\/pages\/172\/revisions\/399"}],"up":[{"embeddable":true,"href":"https:\/\/klaara.net\/cs\/wp-json\/wp\/v2\/pages\/70"}],"wp:attachment":[{"href":"https:\/\/klaara.net\/cs\/wp-json\/wp\/v2\/media?parent=172"}],"curies":[{"name":"wp","href":"https:\/\/api.w.org\/{rel}","templated":true}]}}