{"id":163,"date":"2018-05-21T19:26:21","date_gmt":"2018-05-21T19:26:21","guid":{"rendered":"http:\/\/klaara.devel-2046.cz\/displace\/"},"modified":"2018-06-24T13:28:56","modified_gmt":"2018-06-24T13:28:56","slug":"displace","status":"publish","type":"page","link":"https:\/\/klaara.net\/cs\/works\/displace\/","title":{"rendered":"Displace"},"content":{"rendered":"<p>1 min 50 sec, video smy\u010dka nebo kompletn\u00ed instalace<\/p>\n<p>Jsme zvykl\u00ed p\u0159ij\u00edmat zprost\u0159edkovan\u00e9 informace\u00a0\u2013 v televizi, na internetu atp. Tyto informace b\u00fdvaj\u00ed \u010dasto zkreslen\u00e9 a upraven\u00e9 p\u0159enosem p\u0159es r\u016fzn\u00e1 vys\u00edlac\u00ed a p\u0159ij\u00edmac\u00ed za\u0159\u00edzen\u00ed. Zprost\u0159edkovan\u00e9 informace n\u00e1m ale umo\u017e\u0148uj\u00ed vid\u011bt v\u017edy pouze \u010d\u00e1st obrazu, tu kter\u00e1 byla vybr\u00e1na, aby byla uk\u00e1z\u00e1na ve\u0159ejnosti.<\/p>\n<p>Tato my\u0161lenka je reprezentov\u00e1na instalac\u00ed, kde je\u00a0televizn\u00ed p\u0159\u00edm\u00fd p\u0159enos (kter\u00fd s\u00e1m ji\u017e pro\u0161el n\u011bkolika p\u0159enosov\u00fdmi za\u0159\u00edzen\u00edmi), v re\u00e1ln\u00e9m \u010dase p\u0159en\u00e1\u0161en skrze digit\u00e1ln\u00ed fotoapar\u00e1t do mobilu, jeho\u017e display je nahr\u00e1v\u00e1n na kameru, v\u00fdsledn\u00fd obraz je stahov\u00e1n do po\u010d\u00edta\u010de a prom\u00edt\u00e1n na st\u011bnu projektorem (sch\u00e9ma na dal\u0161\u00edm obr\u00e1zku).<\/p>\n<p>Po t\u00e9 co obraz projde p\u011bti r\u016fzn\u00fdmi za\u0159\u00edzen\u00edmi\u00a0\u2013 s odli\u0161n\u00fdm rozli\u0161en\u00edm a frekvenc\u00ed displej\u016f\u00a0\u2013 vid\u00edme ji\u017e pouze z\u00e1kladn\u00ed informace, podstatn\u00e9 detaily se ztrat\u00ed b\u011bhem p\u0159enosu. Ka\u017ed\u00e9 za\u0159\u00edzen\u00ed z\u00e1rove\u0148 o\u0159\u00edzne \u010d\u00e1st obrazu. V\u00fdsledn\u00e1 informace je zkreslen\u00e1 a nep\u0159esn\u00e1, je to jak\u00fdsi pulzuj\u00edc\u00ed obraz, zachycuj\u00edc\u00ed pouze matn\u011b skute\u010dnou realitu.<\/p>\n","protected":false},"excerpt":{"rendered":"<p>1 min 50 sec, video smy\u010dka nebo kompletn\u00ed instalace Jsme zvykl\u00ed p\u0159ij\u00edmat zprost\u0159edkovan\u00e9 informace\u00a0\u2013 v televizi, na internetu atp. Tyto informace b\u00fdvaj\u00ed \u010dasto zkreslen\u00e9 a upraven\u00e9 p\u0159enosem p\u0159es r\u016fzn\u00e1 vys\u00edlac\u00ed a p\u0159ij\u00edmac\u00ed za\u0159\u00edzen\u00ed. Zprost\u0159edkovan\u00e9 informace n\u00e1m ale umo\u017e\u0148uj\u00ed vid\u011bt v\u017edy pouze \u010d\u00e1st obrazu, tu kter\u00e1 byla vybr\u00e1na, aby byla uk\u00e1z\u00e1na ve\u0159ejnosti. Tato my\u0161lenka je reprezentov\u00e1na [&hellip;]<\/p>\n","protected":false},"author":2,"featured_media":0,"parent":70,"menu_order":31,"comment_status":"closed","ping_status":"closed","template":"","meta":{"_acf_changed":false,"footnotes":""},"class_list":["post-163","page","type-page","status-publish","hentry"],"acf":[],"_links":{"self":[{"href":"https:\/\/klaara.net\/cs\/wp-json\/wp\/v2\/pages\/163","targetHints":{"allow":["GET"]}}],"collection":[{"href":"https:\/\/klaara.net\/cs\/wp-json\/wp\/v2\/pages"}],"about":[{"href":"https:\/\/klaara.net\/cs\/wp-json\/wp\/v2\/types\/page"}],"author":[{"embeddable":true,"href":"https:\/\/klaara.net\/cs\/wp-json\/wp\/v2\/users\/2"}],"replies":[{"embeddable":true,"href":"https:\/\/klaara.net\/cs\/wp-json\/wp\/v2\/comments?post=163"}],"version-history":[{"count":8,"href":"https:\/\/klaara.net\/cs\/wp-json\/wp\/v2\/pages\/163\/revisions"}],"predecessor-version":[{"id":421,"href":"https:\/\/klaara.net\/cs\/wp-json\/wp\/v2\/pages\/163\/revisions\/421"}],"up":[{"embeddable":true,"href":"https:\/\/klaara.net\/cs\/wp-json\/wp\/v2\/pages\/70"}],"wp:attachment":[{"href":"https:\/\/klaara.net\/cs\/wp-json\/wp\/v2\/media?parent=163"}],"curies":[{"name":"wp","href":"https:\/\/api.w.org\/{rel}","templated":true}]}}