{"id":157,"date":"2018-05-18T19:37:01","date_gmt":"2018-05-18T19:37:01","guid":{"rendered":"http:\/\/klaara.devel-2046.cz\/works\/interacttheater\/"},"modified":"2018-06-24T13:23:16","modified_gmt":"2018-06-24T13:23:16","slug":"interacttheater","status":"publish","type":"page","link":"https:\/\/klaara.net\/cs\/works\/interacttheater\/","title":{"rendered":"Inter:act:theater"},"content":{"rendered":"<p>Interaktivn\u00ed imperuj\u00edc\u00ed improvizace inovativn\u011b inscenovan\u00e1 i improvizovan\u00e1<\/p>\n<p>Divadeln\u00ed p\u0159edstaven\u00ed, kter\u00e9 vzniklo na z\u00e1klad\u011b m\u00e9ho p\u016fvodn\u00edho star\u0161\u00edho konceptu inter:act:theatre, vych\u00e1zej\u00edc\u00edho z principu Kinoautomatu (interaktivn\u00edho kina z roku 1967), p\u0159enesen\u00e9ho do prost\u0159ed\u00ed divadla, kde je mo\u017en\u00e9 d\u011bj skute\u010dn\u011b v re\u00e1ln\u00e9m \u010dase p\u0159etv\u00e1\u0159et, ne pouze vyb\u00edrat ze dvou p\u0159edto\u010den\u00fdch variant filmu. D\u011bj by bylo mo\u017en\u00e9 v ur\u010dit\u00e9 chv\u00edle ovliv\u0148ovat pomoc\u00ed \u010derven\u00fdch a zelen\u00fdch baterek, kter\u00e9 by m\u011bli v rukou div\u00e1ci.<\/p>\n<p>Ve spolupr\u00e1ci s divadeln\u00ed skupinou Krepsko, vzniklo improvizovan\u00e9 p\u0159edstaven\u00ed usm\u011br\u0148ovan\u00e9 div\u00e1ky. Zelen\u00e1 a \u010derven\u00e1 barva zde neznamenala pouze souhlas \u010di nesouhlas s v\u00fdvojem d\u011bje, ale postupn\u011b umo\u017e\u0148ovala i manipulaci s ur\u010dit\u00fdmi p\u0159edm\u011bty na sc\u00e9n\u011b, s herci a tak\u00e9 ovliv\u0148ov\u00e1n\u00ed \u017eiv\u00e9ho hudebn\u00edho doprovodu.<\/p>\n<p>P\u0159edstaven\u00ed bylo uvedeno v \u010dervnu 2009 v experiment\u00e1ln\u00edm prostoru NoD v Praze.<\/p>\n","protected":false},"excerpt":{"rendered":"<p>Interaktivn\u00ed imperuj\u00edc\u00ed improvizace inovativn\u011b inscenovan\u00e1 i improvizovan\u00e1 Divadeln\u00ed p\u0159edstaven\u00ed, kter\u00e9 vzniklo na z\u00e1klad\u011b m\u00e9ho p\u016fvodn\u00edho star\u0161\u00edho konceptu inter:act:theatre, vych\u00e1zej\u00edc\u00edho z principu Kinoautomatu (interaktivn\u00edho kina z roku 1967), p\u0159enesen\u00e9ho do prost\u0159ed\u00ed divadla, kde je mo\u017en\u00e9 d\u011bj skute\u010dn\u011b v re\u00e1ln\u00e9m \u010dase p\u0159etv\u00e1\u0159et, ne pouze vyb\u00edrat ze dvou p\u0159edto\u010den\u00fdch variant filmu. D\u011bj by bylo mo\u017en\u00e9 v ur\u010dit\u00e9 chv\u00edle [&hellip;]<\/p>\n","protected":false},"author":2,"featured_media":0,"parent":70,"menu_order":30,"comment_status":"closed","ping_status":"closed","template":"","meta":{"_acf_changed":false,"footnotes":""},"class_list":["post-157","page","type-page","status-publish","hentry"],"acf":[],"_links":{"self":[{"href":"https:\/\/klaara.net\/cs\/wp-json\/wp\/v2\/pages\/157","targetHints":{"allow":["GET"]}}],"collection":[{"href":"https:\/\/klaara.net\/cs\/wp-json\/wp\/v2\/pages"}],"about":[{"href":"https:\/\/klaara.net\/cs\/wp-json\/wp\/v2\/types\/page"}],"author":[{"embeddable":true,"href":"https:\/\/klaara.net\/cs\/wp-json\/wp\/v2\/users\/2"}],"replies":[{"embeddable":true,"href":"https:\/\/klaara.net\/cs\/wp-json\/wp\/v2\/comments?post=157"}],"version-history":[{"count":8,"href":"https:\/\/klaara.net\/cs\/wp-json\/wp\/v2\/pages\/157\/revisions"}],"predecessor-version":[{"id":417,"href":"https:\/\/klaara.net\/cs\/wp-json\/wp\/v2\/pages\/157\/revisions\/417"}],"up":[{"embeddable":true,"href":"https:\/\/klaara.net\/cs\/wp-json\/wp\/v2\/pages\/70"}],"wp:attachment":[{"href":"https:\/\/klaara.net\/cs\/wp-json\/wp\/v2\/media?parent=157"}],"curies":[{"name":"wp","href":"https:\/\/api.w.org\/{rel}","templated":true}]}}