{"id":150,"date":"2018-05-18T19:24:04","date_gmt":"2018-05-18T19:24:04","guid":{"rendered":"http:\/\/klaara.devel-2046.cz\/works\/dont-come-so-close-to-me-i-cant-see-you-anymore\/"},"modified":"2018-06-22T14:05:00","modified_gmt":"2018-06-22T14:05:00","slug":"dont-come-so-close-to-me-i-cant-see-you-anymore","status":"publish","type":"page","link":"https:\/\/klaara.net\/cs\/works\/dont-come-so-close-to-me-i-cant-see-you-anymore\/","title":{"rendered":"Necho\u010f ke mn\u011b moc bl\u00edzko, j\u00e1 u\u017e t\u011b pak nevidim"},"content":{"rendered":"<p>Zvukov\u00e1 situace, 4 stereo audio smy\u010dky<\/p>\n<p>Vytvo\u0159en\u00ed situace &#8211; prostoru pro bezeslovnou interakci. \u010cty\u0159i n\u00e1v\u0161t\u011bvn\u00edci mohou sed\u011bt u stolu a ka\u017ed\u00fd poslouchat ve sluch\u00e1tk\u00e1ch odli\u0161n\u00fd dialog, \u0161eptan\u00fd dv\u011bma \u017eensk\u00fdmi hlasy. St\u016fl je z\u00e1m\u011brn\u011b obdeln\u00edkov\u00fd, dvojice sed\u00edc\u00ed bl\u00ed\u017e u sebe poslouch\u00e1 pom\u011brn\u011b intimn\u00ed, p\u0159\u00edjemn\u00e9 dialogy.. zat\u00edmco druh\u00e9 dva dialogy jsou sp\u00ed\u0161e chladn\u00e9 a odta\u017eit\u00e9, s \u00fapln\u011b odli\u0161nou atmosf\u00e9rou. V\u0161echny rozhovory jsou osobn\u00ed, pocitov\u00e9 a nejednozna\u010dn\u00e9, je mo\u017en\u00e9 si je vylo\u017eit r\u016fzn\u011b, dle vlastn\u00ed zku\u0161enosti nebo pocitu.<\/p>\n<p>N\u00e1v\u0161t\u011bvn\u00edci maj\u00ed mo\u017enost reagovat na osobu naproti, d\u00edvat se na ni nebo jinak komunikovat anebo pouze poslouchat. U stolu tak mohou vznikat rozd\u00edln\u00e9 situace na z\u00e1klad\u011b lid\u00ed, kte\u0159\u00ed se zde sejdou, jejich rozm\u00edst\u011bn\u00ed, reakc\u00ed a interakc\u00ed.<\/p>\n<p>(Realizov\u00e1no ve spolupr\u00e1ci s Kate\u0159inou Vorlovou)<\/p>\n","protected":false},"excerpt":{"rendered":"<p>Zvukov\u00e1 situace, 4 stereo audio smy\u010dky Vytvo\u0159en\u00ed situace &#8211; prostoru pro bezeslovnou interakci. \u010cty\u0159i n\u00e1v\u0161t\u011bvn\u00edci mohou sed\u011bt u stolu a ka\u017ed\u00fd poslouchat ve sluch\u00e1tk\u00e1ch odli\u0161n\u00fd dialog, \u0161eptan\u00fd dv\u011bma \u017eensk\u00fdmi hlasy. St\u016fl je z\u00e1m\u011brn\u011b obdeln\u00edkov\u00fd, dvojice sed\u00edc\u00ed bl\u00ed\u017e u sebe poslouch\u00e1 pom\u011brn\u011b intimn\u00ed, p\u0159\u00edjemn\u00e9 dialogy.. zat\u00edmco druh\u00e9 dva dialogy jsou sp\u00ed\u0161e chladn\u00e9 a odta\u017eit\u00e9, s \u00fapln\u011b [&hellip;]<\/p>\n","protected":false},"author":2,"featured_media":0,"parent":70,"menu_order":20,"comment_status":"closed","ping_status":"closed","template":"","meta":{"_acf_changed":false,"footnotes":""},"class_list":["post-150","page","type-page","status-publish","hentry"],"acf":[],"_links":{"self":[{"href":"https:\/\/klaara.net\/cs\/wp-json\/wp\/v2\/pages\/150","targetHints":{"allow":["GET"]}}],"collection":[{"href":"https:\/\/klaara.net\/cs\/wp-json\/wp\/v2\/pages"}],"about":[{"href":"https:\/\/klaara.net\/cs\/wp-json\/wp\/v2\/types\/page"}],"author":[{"embeddable":true,"href":"https:\/\/klaara.net\/cs\/wp-json\/wp\/v2\/users\/2"}],"replies":[{"embeddable":true,"href":"https:\/\/klaara.net\/cs\/wp-json\/wp\/v2\/comments?post=150"}],"version-history":[{"count":6,"href":"https:\/\/klaara.net\/cs\/wp-json\/wp\/v2\/pages\/150\/revisions"}],"predecessor-version":[{"id":296,"href":"https:\/\/klaara.net\/cs\/wp-json\/wp\/v2\/pages\/150\/revisions\/296"}],"up":[{"embeddable":true,"href":"https:\/\/klaara.net\/cs\/wp-json\/wp\/v2\/pages\/70"}],"wp:attachment":[{"href":"https:\/\/klaara.net\/cs\/wp-json\/wp\/v2\/media?parent=150"}],"curies":[{"name":"wp","href":"https:\/\/api.w.org\/{rel}","templated":true}]}}