{"id":144,"date":"2017-10-09T14:25:43","date_gmt":"2017-10-09T14:25:43","guid":{"rendered":"http:\/\/klaara.devel-2046.cz\/works\/kjb\/"},"modified":"2018-06-24T13:07:02","modified_gmt":"2018-06-24T13:07:02","slug":"kjb","status":"publish","type":"page","link":"https:\/\/klaara.net\/cs\/works\/kjb\/","title":{"rendered":"KJB"},"content":{"rendered":"<p>Ideou projektu bylo vnesen\u00ed intimn\u00edho prvku do instituce galerie, vytvo\u0159en\u00ed iluze \u017eivota.<\/p>\n<p>Neo\u010dek\u00e1van\u00fd a\u017e nepat\u0159i\u010dn\u00fd osobn\u00ed p\u0159edm\u011bt, um\u00edst\u011bn\u00fd na toalet\u00e1ch tradi\u010dn\u00edch galeri\u00ed je n\u00e1strojem k posunu ve vn\u00edman\u00ed prostoru galerie n\u00e1v\u0161t\u011bvn\u00edkem (jako a\u017e posv\u00e1tn\u00e9ho m\u00edsta pro um\u011bn\u00ed).<\/p>\n<p>Osobn\u00ed p\u0159edm\u011bty jako pantofle, r\u016f\u017eov\u00fd krajkov\u00fd \u017eupan, zubn\u00ed kart\u00e1\u010dek, no\u010dn\u00ed ko\u0161ile atp. maj\u00ed v\u017edy ru\u010dn\u011b vy\u0161it\u00fd monogram KJB, je\u017e je podpisem autor\u016f, z\u00e1rove\u0148 d\u011bl\u00e1 v\u011bc skute\u010dn\u011b osobn\u00ed. Toalety se tak st\u00e1vaj\u00ed roz\u0161\u00ed\u0159en\u00edm v\u00fdstavn\u00edch prostor a p\u0159edm\u011bt majetkem galerie. Projekt prob\u00edh\u00e1 dlouhodob\u011b ve vybran\u00fdch galeri\u00edch po cel\u00e9m sv\u011bt\u011b.<\/p>\n<p>(Realizov\u00e1no ve spolupr\u00e1ci s Janem Bl\u00ednem)<\/p>\n","protected":false},"excerpt":{"rendered":"<p>Ideou projektu bylo vnesen\u00ed intimn\u00edho prvku do instituce galerie, vytvo\u0159en\u00ed iluze \u017eivota. Neo\u010dek\u00e1van\u00fd a\u017e nepat\u0159i\u010dn\u00fd osobn\u00ed p\u0159edm\u011bt, um\u00edst\u011bn\u00fd na toalet\u00e1ch tradi\u010dn\u00edch galeri\u00ed je n\u00e1strojem k posunu ve vn\u00edman\u00ed prostoru galerie n\u00e1v\u0161t\u011bvn\u00edkem (jako a\u017e posv\u00e1tn\u00e9ho m\u00edsta pro um\u011bn\u00ed). Osobn\u00ed p\u0159edm\u011bty jako pantofle, r\u016f\u017eov\u00fd krajkov\u00fd \u017eupan, zubn\u00ed kart\u00e1\u010dek, no\u010dn\u00ed ko\u0161ile atp. maj\u00ed v\u017edy ru\u010dn\u011b vy\u0161it\u00fd monogram KJB, [&hellip;]<\/p>\n","protected":false},"author":1,"featured_media":0,"parent":70,"menu_order":23,"comment_status":"closed","ping_status":"closed","template":"","meta":{"_acf_changed":false,"footnotes":""},"class_list":["post-144","page","type-page","status-publish","hentry"],"acf":[],"_links":{"self":[{"href":"https:\/\/klaara.net\/cs\/wp-json\/wp\/v2\/pages\/144","targetHints":{"allow":["GET"]}}],"collection":[{"href":"https:\/\/klaara.net\/cs\/wp-json\/wp\/v2\/pages"}],"about":[{"href":"https:\/\/klaara.net\/cs\/wp-json\/wp\/v2\/types\/page"}],"author":[{"embeddable":true,"href":"https:\/\/klaara.net\/cs\/wp-json\/wp\/v2\/users\/1"}],"replies":[{"embeddable":true,"href":"https:\/\/klaara.net\/cs\/wp-json\/wp\/v2\/comments?post=144"}],"version-history":[{"count":6,"href":"https:\/\/klaara.net\/cs\/wp-json\/wp\/v2\/pages\/144\/revisions"}],"predecessor-version":[{"id":407,"href":"https:\/\/klaara.net\/cs\/wp-json\/wp\/v2\/pages\/144\/revisions\/407"}],"up":[{"embeddable":true,"href":"https:\/\/klaara.net\/cs\/wp-json\/wp\/v2\/pages\/70"}],"wp:attachment":[{"href":"https:\/\/klaara.net\/cs\/wp-json\/wp\/v2\/media?parent=144"}],"curies":[{"name":"wp","href":"https:\/\/api.w.org\/{rel}","templated":true}]}}