{"id":124,"date":"2018-05-18T13:50:58","date_gmt":"2018-05-18T13:50:58","guid":{"rendered":"http:\/\/klaara.devel-2046.cz\/roadback\/"},"modified":"2018-06-23T17:57:39","modified_gmt":"2018-06-23T17:57:39","slug":"roadback","status":"publish","type":"page","link":"https:\/\/klaara.net\/cs\/works\/roadback\/","title":{"rendered":"Silnice"},"content":{"rendered":"<p>video smy\u010dka, HD<\/p>\n<p>Meditativn\u00ed video, ve kter\u00e9m zimn\u00ed krajina b\u011b\u017e\u00ed kup\u0159edu, zat\u00edmco silnice ub\u00edh\u00e1 opa\u010dn\u00fdm sm\u011brem.<\/p>\n<p>Sna\u017e\u00edme se j\u00edt d\u00e1l, ale z\u00e1rove\u0148 st\u00e1le \u017eijeme minulost\u00ed&#8230;<\/p>\n<p>&nbsp;<\/p>\n","protected":false},"excerpt":{"rendered":"<p>video smy\u010dka, HD Meditativn\u00ed video, ve kter\u00e9m zimn\u00ed krajina b\u011b\u017e\u00ed kup\u0159edu, zat\u00edmco silnice ub\u00edh\u00e1 opa\u010dn\u00fdm sm\u011brem. Sna\u017e\u00edme se j\u00edt d\u00e1l, ale z\u00e1rove\u0148 st\u00e1le \u017eijeme minulost\u00ed&#8230; &nbsp;<\/p>\n","protected":false},"author":2,"featured_media":0,"parent":70,"menu_order":17,"comment_status":"closed","ping_status":"closed","template":"","meta":{"_acf_changed":false,"footnotes":""},"class_list":["post-124","page","type-page","status-publish","hentry"],"acf":[],"_links":{"self":[{"href":"https:\/\/klaara.net\/cs\/wp-json\/wp\/v2\/pages\/124","targetHints":{"allow":["GET"]}}],"collection":[{"href":"https:\/\/klaara.net\/cs\/wp-json\/wp\/v2\/pages"}],"about":[{"href":"https:\/\/klaara.net\/cs\/wp-json\/wp\/v2\/types\/page"}],"author":[{"embeddable":true,"href":"https:\/\/klaara.net\/cs\/wp-json\/wp\/v2\/users\/2"}],"replies":[{"embeddable":true,"href":"https:\/\/klaara.net\/cs\/wp-json\/wp\/v2\/comments?post=124"}],"version-history":[{"count":11,"href":"https:\/\/klaara.net\/cs\/wp-json\/wp\/v2\/pages\/124\/revisions"}],"predecessor-version":[{"id":362,"href":"https:\/\/klaara.net\/cs\/wp-json\/wp\/v2\/pages\/124\/revisions\/362"}],"up":[{"embeddable":true,"href":"https:\/\/klaara.net\/cs\/wp-json\/wp\/v2\/pages\/70"}],"wp:attachment":[{"href":"https:\/\/klaara.net\/cs\/wp-json\/wp\/v2\/media?parent=124"}],"curies":[{"name":"wp","href":"https:\/\/api.w.org\/{rel}","templated":true}]}}