{"id":116,"date":"2018-05-18T13:33:56","date_gmt":"2018-05-18T13:33:56","guid":{"rendered":"http:\/\/klaara.devel-2046.cz\/works\/message-dialogues\/"},"modified":"2018-06-22T14:27:50","modified_gmt":"2018-06-22T14:27:50","slug":"message-dialogues","status":"publish","type":"page","link":"https:\/\/klaara.net\/cs\/works\/message-dialogues\/","title":{"rendered":"5 let ve sb\u00edrce"},"content":{"rendered":"<p>instalace \u2013 dokumentace projektu<\/p>\n<p>Jedn\u00e1 se o s\u00e9rii fiktivn\u00edch rozhovor\u016f veden\u00fdch v r\u00e1mci prostoru bankovn\u00edch \u00fa\u010dt\u016f um\u011bleck\u00fdch galeri\u00ed. V rozhovorech se prol\u00ednaj\u00ed a konfrontuj\u00ed n\u00e1zory v\u00fdznamn\u00fdch osobnost\u00ed z um\u011bleck\u00fdch kruh\u016f. Um\u00edst\u011bn\u00edm t\u011bchto v\u011bt do bankovn\u00edch v\u00fdpis\u016f \u2013 prost\u0159ednictv\u00edm zasl\u00e1n\u00ed platby na \u00fa\u010det a vlo\u017een\u00edm textu do zpr\u00e1vy pro p\u0159\u00edjemce \u2013 vznik\u00e1 kontrast mezi obsahem samotn\u00fdm a prostorem nezvykl\u00fdm pro jeho prezentaci. Sf\u00e9ra bankovn\u00edch \u00fa\u010dtu evokuje problematiku spojov\u00e1n\u00ed pen\u011bz\/obchodu a um\u011bn\u00ed, zapojen\u00ed bank do sponzorov\u00e1n\u00ed um\u011bleck\u00fdch akc\u00ed a galeri\u00ed. I ot\u00e1zku galerie jako instituce, kde se definuje hodnota um\u011bleck\u00e9ho d\u00edla.<\/p>\n<p>Dva lid\u00e9 spolu vedou inscenovan\u00fd dialog, v r\u00e1mci bankovn\u00edho \u00fa\u010dtu galerie, do kter\u00e9ho t\u00edm vstupuj\u00ed. Dialogy jsou sestaveny z kr\u00e1tk\u00fdch \u00faryvk\u016f z knih a cituj\u00ed slavn\u00e9 teoretiky um\u011bn\u00ed, um\u011blce, v\u00fdtvarn\u00e9 kritiky, sb\u011bratele atp. Jednotliv\u00e9 dialogy jsem pak rozes\u00edlala galeri\u00edm na z\u00e1klad\u011b bl\u00edzkosti k dan\u00e9mu t\u00e9matu. Posl\u00e1n\u00edm na \u00fa\u010det se text dost\u00e1v\u00e1 do bezpe\u010dn\u00e9ho \u00falo\u017ei\u0161t\u011b, je vti\u0161t\u011bn do syst\u00e9mu, nem\u016f\u017ee b\u00fdt pozm\u011bn\u011bn nebo vymaz\u00e1n.<\/p>\n<p>Galerie si mus\u00ed dle z\u00e1kona v\u00fdpis z \u00fa\u010dtu ulo\u017eit do sv\u00e9ho \u00fa\u010detnictv\u00ed a archivovat jej nejm\u00e9n\u011b p\u011bt let, co\u017e m\u016f\u017ee b\u00fdt s nads\u00e1zkou pova\u017eov\u00e1no za zastoupen\u00ed v jej\u00ed sb\u00edrce.<\/p>\n","protected":false},"excerpt":{"rendered":"<p>instalace \u2013 dokumentace projektu Jedn\u00e1 se o s\u00e9rii fiktivn\u00edch rozhovor\u016f veden\u00fdch v r\u00e1mci prostoru bankovn\u00edch \u00fa\u010dt\u016f um\u011bleck\u00fdch galeri\u00ed. V rozhovorech se prol\u00ednaj\u00ed a konfrontuj\u00ed n\u00e1zory v\u00fdznamn\u00fdch osobnost\u00ed z um\u011bleck\u00fdch kruh\u016f. Um\u00edst\u011bn\u00edm t\u011bchto v\u011bt do bankovn\u00edch v\u00fdpis\u016f \u2013 prost\u0159ednictv\u00edm zasl\u00e1n\u00ed platby na \u00fa\u010det a vlo\u017een\u00edm textu do zpr\u00e1vy pro p\u0159\u00edjemce \u2013 vznik\u00e1 kontrast mezi obsahem samotn\u00fdm [&hellip;]<\/p>\n","protected":false},"author":2,"featured_media":0,"parent":70,"menu_order":21,"comment_status":"closed","ping_status":"closed","template":"","meta":{"_acf_changed":false,"footnotes":""},"class_list":["post-116","page","type-page","status-publish","hentry"],"acf":[],"_links":{"self":[{"href":"https:\/\/klaara.net\/cs\/wp-json\/wp\/v2\/pages\/116","targetHints":{"allow":["GET"]}}],"collection":[{"href":"https:\/\/klaara.net\/cs\/wp-json\/wp\/v2\/pages"}],"about":[{"href":"https:\/\/klaara.net\/cs\/wp-json\/wp\/v2\/types\/page"}],"author":[{"embeddable":true,"href":"https:\/\/klaara.net\/cs\/wp-json\/wp\/v2\/users\/2"}],"replies":[{"embeddable":true,"href":"https:\/\/klaara.net\/cs\/wp-json\/wp\/v2\/comments?post=116"}],"version-history":[{"count":7,"href":"https:\/\/klaara.net\/cs\/wp-json\/wp\/v2\/pages\/116\/revisions"}],"predecessor-version":[{"id":316,"href":"https:\/\/klaara.net\/cs\/wp-json\/wp\/v2\/pages\/116\/revisions\/316"}],"up":[{"embeddable":true,"href":"https:\/\/klaara.net\/cs\/wp-json\/wp\/v2\/pages\/70"}],"wp:attachment":[{"href":"https:\/\/klaara.net\/cs\/wp-json\/wp\/v2\/media?parent=116"}],"curies":[{"name":"wp","href":"https:\/\/api.w.org\/{rel}","templated":true}]}}